{"id":770,"date":"2022-11-23T14:36:12","date_gmt":"2022-11-23T17:36:12","guid":{"rendered":"https:\/\/specializedagro.com.br\/?page_id=770"},"modified":"2022-12-06T09:50:48","modified_gmt":"2022-12-06T12:50:48","slug":"termos-de-uso","status":"publish","type":"page","link":"https:\/\/specializedagro.com.br\/index.php\/termos-de-uso\/","title":{"rendered":"TERMOS DE USO"},"content":{"rendered":"\t\t<div data-elementor-type=\"wp-page\" data-elementor-id=\"770\" class=\"elementor elementor-770\">\n\t\t\t\t\t\t\t\t\t<section class=\"elementor-section elementor-top-section elementor-element elementor-element-842cf92 elementor-section-boxed elementor-section-height-default elementor-section-height-default exad-glass-effect-no exad-sticky-section-no\" data-id=\"842cf92\" data-element_type=\"section\" data-settings=\"{&quot;background_background&quot;:&quot;classic&quot;}\">\n\t\t\t\t\t\t<div class=\"elementor-container elementor-column-gap-default\">\n\t\t\t\t\t<div class=\"elementor-column elementor-col-25 elementor-top-column elementor-element elementor-element-cc47140 exad-glass-effect-no exad-sticky-section-no\" data-id=\"cc47140\" data-element_type=\"column\">\n\t\t\t<div class=\"elementor-widget-wrap\">\n\t\t\t\t\t\t\t\t\t<\/div>\n\t\t<\/div>\n\t\t\t\t<div class=\"elementor-column elementor-col-50 elementor-top-column elementor-element elementor-element-ba583c6 exad-glass-effect-no exad-sticky-section-no\" data-id=\"ba583c6\" data-element_type=\"column\">\n\t\t\t<div class=\"elementor-widget-wrap elementor-element-populated\">\n\t\t\t\t\t\t\t\t<div class=\"elementor-element elementor-element-f295976 exad-sticky-section-no exad-glass-effect-no elementor-widget elementor-widget-heading\" data-id=\"f295976\" data-element_type=\"widget\" data-widget_type=\"heading.default\">\n\t\t\t\t<div class=\"elementor-widget-container\">\n\t\t\t<style>\/*! elementor - v3.9.0 - 06-12-2022 *\/\n.elementor-heading-title{padding:0;margin:0;line-height:1}.elementor-widget-heading .elementor-heading-title[class*=elementor-size-]>a{color:inherit;font-size:inherit;line-height:inherit}.elementor-widget-heading .elementor-heading-title.elementor-size-small{font-size:15px}.elementor-widget-heading .elementor-heading-title.elementor-size-medium{font-size:19px}.elementor-widget-heading .elementor-heading-title.elementor-size-large{font-size:29px}.elementor-widget-heading .elementor-heading-title.elementor-size-xl{font-size:39px}.elementor-widget-heading .elementor-heading-title.elementor-size-xxl{font-size:59px}<\/style><h2 class=\"elementor-heading-title elementor-size-default\">Termos de Uso<\/h2>\t\t<\/div>\n\t\t\t\t<\/div>\n\t\t\t\t<div class=\"elementor-element elementor-element-d20035d exad-sticky-section-no exad-glass-effect-no elementor-widget elementor-widget-text-editor\" data-id=\"d20035d\" data-element_type=\"widget\" data-widget_type=\"text-editor.default\">\n\t\t\t\t<div class=\"elementor-widget-container\">\n\t\t\t<style>\/*! elementor - v3.9.0 - 06-12-2022 *\/\n.elementor-widget-text-editor.elementor-drop-cap-view-stacked .elementor-drop-cap{background-color:#818a91;color:#fff}.elementor-widget-text-editor.elementor-drop-cap-view-framed .elementor-drop-cap{color:#818a91;border:3px solid;background-color:transparent}.elementor-widget-text-editor:not(.elementor-drop-cap-view-default) .elementor-drop-cap{margin-top:8px}.elementor-widget-text-editor:not(.elementor-drop-cap-view-default) .elementor-drop-cap-letter{width:1em;height:1em}.elementor-widget-text-editor .elementor-drop-cap{float:left;text-align:center;line-height:1;font-size:50px}.elementor-widget-text-editor .elementor-drop-cap-letter{display:inline-block}<\/style>\t\t\t\t<p>Os presentes termos e condi\u00e7\u00f5es de uso visam regular a utiliza\u00e7\u00e3o por voc\u00ea, usu\u00e1rio, de nossos servi\u00e7os.<br \/>Para a utiliza\u00e7\u00e3o de alguns servi\u00e7os e canais de atendimento poder\u00e1 ser feita mediante o registro do usu\u00e1rio e login;<br \/>N\u00e3o nos responsabilizamos por danos a terceiros que decorram de falhas de acesso, transmiss\u00e3o, difus\u00e3o ou disponibiliza\u00e7\u00e3o de conte\u00fado e de servi\u00e7os do portal;<\/p><p>A oferta de servi\u00e7os e\/ou conte\u00fado desse portal obedecem a crit\u00e9rios de acessibilidade;<\/p><p><strong>Termo de Aceita\u00e7\u00e3o<\/strong><\/p><p>Ao utilizar os nossos Servi\u00e7os, o usu\u00e1rio aceita e concorda com todos os termos e condi\u00e7\u00f5es expostas que se encontram vigentes na data.<br \/>Alertamos que estes Termos e Condi\u00e7\u00f5es de Uso poder\u00e3o ser modificados a qualquer momento, em virtude de altera\u00e7\u00f5es na legisla\u00e7\u00e3o ou nos Servi\u00e7os, em decorr\u00eancia da utiliza\u00e7\u00e3o de novas ferramentas tecnol\u00f3gicas ou, ainda, sempre que, a exclusivo crit\u00e9rio da Construtora Piacentini, tais altera\u00e7\u00f5es se fa\u00e7am necess\u00e1rias.<br \/>A utiliza\u00e7\u00e3o dos Servi\u00e7os online disponibilizados pela Construtora Piacentini por qualquer usu\u00e1rio implicar\u00e1 em expressa aceita\u00e7\u00e3o destes Termos e Condi\u00e7\u00f5es de Uso.<\/p>\t\t\t\t\t\t<\/div>\n\t\t\t\t<\/div>\n\t\t\t\t\t<\/div>\n\t\t<\/div>\n\t\t\t\t<div class=\"elementor-column elementor-col-25 elementor-top-column elementor-element elementor-element-119fcff exad-glass-effect-no exad-sticky-section-no\" data-id=\"119fcff\" data-element_type=\"column\">\n\t\t\t<div class=\"elementor-widget-wrap\">\n\t\t\t\t\t\t\t\t\t<\/div>\n\t\t<\/div>\n\t\t\t\t\t\t\t<\/div>\n\t\t<\/section>\n\t\t\t\t\t\t\t<\/div>\n\t\t","protected":false},"excerpt":{"rendered":"<p>Termos de Uso Os presentes termos e condi\u00e7\u00f5es de uso visam regular a utiliza\u00e7\u00e3o por voc\u00ea, usu\u00e1rio, de nossos servi\u00e7os.Para a utiliza\u00e7\u00e3o [&hellip;]<\/p>\n","protected":false},"author":1,"featured_media":0,"parent":0,"menu_order":0,"comment_status":"closed","ping_status":"closed","template":"page-templates\/page_front-page.php","meta":[],"yoast_head":"<!-- This site is optimized with the Yoast SEO plugin v19.12 - https:\/\/yoast.com\/wordpress\/plugins\/seo\/ -->\n<title>TERMOS DE USO - specializedagro.com.br<\/title>\n<meta name=\"robots\" content=\"index, follow, max-snippet:-1, max-image-preview:large, max-video-preview:-1\" \/>\n<link rel=\"canonical\" href=\"https:\/\/specializedagro.com.br\/index.php\/termos-de-uso\/\" \/>\n<meta property=\"og:locale\" content=\"pt_BR\" \/>\n<meta property=\"og:type\" content=\"article\" \/>\n<meta property=\"og:title\" content=\"TERMOS DE USO - specializedagro.com.br\" \/>\n<meta property=\"og:description\" content=\"Termos de Uso Os presentes termos e condi\u00e7\u00f5es de uso visam regular a utiliza\u00e7\u00e3o por voc\u00ea, usu\u00e1rio, de nossos servi\u00e7os.Para a utiliza\u00e7\u00e3o [&hellip;]\" \/>\n<meta property=\"og:url\" content=\"https:\/\/specializedagro.com.br\/index.php\/termos-de-uso\/\" \/>\n<meta property=\"og:site_name\" content=\"specializedagro.com.br\" \/>\n<meta property=\"article:modified_time\" content=\"2022-12-06T12:50:48+00:00\" \/>\n<meta name=\"twitter:card\" content=\"summary_large_image\" \/>\n<meta name=\"twitter:label1\" content=\"Est. tempo de leitura\" \/>\n\t<meta name=\"twitter:data1\" content=\"1 minuto\" \/>\n<script type=\"application\/ld+json\" class=\"yoast-schema-graph\">{\"@context\":\"https:\/\/schema.org\",\"@graph\":[{\"@type\":\"WebPage\",\"@id\":\"https:\/\/specializedagro.com.br\/index.php\/termos-de-uso\/\",\"url\":\"https:\/\/specializedagro.com.br\/index.php\/termos-de-uso\/\",\"name\":\"TERMOS DE USO - specializedagro.com.br\",\"isPartOf\":{\"@id\":\"https:\/\/specializedagro.com.br\/#website\"},\"datePublished\":\"2022-11-23T17:36:12+00:00\",\"dateModified\":\"2022-12-06T12:50:48+00:00\",\"breadcrumb\":{\"@id\":\"https:\/\/specializedagro.com.br\/index.php\/termos-de-uso\/#breadcrumb\"},\"inLanguage\":\"pt-BR\",\"potentialAction\":[{\"@type\":\"ReadAction\",\"target\":[\"https:\/\/specializedagro.com.br\/index.php\/termos-de-uso\/\"]}]},{\"@type\":\"BreadcrumbList\",\"@id\":\"https:\/\/specializedagro.com.br\/index.php\/termos-de-uso\/#breadcrumb\",\"itemListElement\":[{\"@type\":\"ListItem\",\"position\":1,\"name\":\"In\u00edcio\",\"item\":\"https:\/\/specializedagro.com.br\/\"},{\"@type\":\"ListItem\",\"position\":2,\"name\":\"TERMOS DE USO\"}]},{\"@type\":\"WebSite\",\"@id\":\"https:\/\/specializedagro.com.br\/#website\",\"url\":\"https:\/\/specializedagro.com.br\/\",\"name\":\"specializedagro.com.br\",\"description\":\"\",\"potentialAction\":[{\"@type\":\"SearchAction\",\"target\":{\"@type\":\"EntryPoint\",\"urlTemplate\":\"https:\/\/specializedagro.com.br\/?s={search_term_string}\"},\"query-input\":\"required name=search_term_string\"}],\"inLanguage\":\"pt-BR\"}]}<\/script>\n<!-- \/ Yoast SEO plugin. -->","yoast_head_json":{"title":"TERMOS DE USO - specializedagro.com.br","robots":{"index":"index","follow":"follow","max-snippet":"max-snippet:-1","max-image-preview":"max-image-preview:large","max-video-preview":"max-video-preview:-1"},"canonical":"https:\/\/specializedagro.com.br\/index.php\/termos-de-uso\/","og_locale":"pt_BR","og_type":"article","og_title":"TERMOS DE USO - specializedagro.com.br","og_description":"Termos de Uso Os presentes termos e condi\u00e7\u00f5es de uso visam regular a utiliza\u00e7\u00e3o por voc\u00ea, usu\u00e1rio, de nossos servi\u00e7os.Para a utiliza\u00e7\u00e3o [&hellip;]","og_url":"https:\/\/specializedagro.com.br\/index.php\/termos-de-uso\/","og_site_name":"specializedagro.com.br","article_modified_time":"2022-12-06T12:50:48+00:00","twitter_card":"summary_large_image","twitter_misc":{"Est. tempo de leitura":"1 minuto"},"schema":{"@context":"https:\/\/schema.org","@graph":[{"@type":"WebPage","@id":"https:\/\/specializedagro.com.br\/index.php\/termos-de-uso\/","url":"https:\/\/specializedagro.com.br\/index.php\/termos-de-uso\/","name":"TERMOS DE USO - specializedagro.com.br","isPartOf":{"@id":"https:\/\/specializedagro.com.br\/#website"},"datePublished":"2022-11-23T17:36:12+00:00","dateModified":"2022-12-06T12:50:48+00:00","breadcrumb":{"@id":"https:\/\/specializedagro.com.br\/index.php\/termos-de-uso\/#breadcrumb"},"inLanguage":"pt-BR","potentialAction":[{"@type":"ReadAction","target":["https:\/\/specializedagro.com.br\/index.php\/termos-de-uso\/"]}]},{"@type":"BreadcrumbList","@id":"https:\/\/specializedagro.com.br\/index.php\/termos-de-uso\/#breadcrumb","itemListElement":[{"@type":"ListItem","position":1,"name":"In\u00edcio","item":"https:\/\/specializedagro.com.br\/"},{"@type":"ListItem","position":2,"name":"TERMOS DE USO"}]},{"@type":"WebSite","@id":"https:\/\/specializedagro.com.br\/#website","url":"https:\/\/specializedagro.com.br\/","name":"specializedagro.com.br","description":"","potentialAction":[{"@type":"SearchAction","target":{"@type":"EntryPoint","urlTemplate":"https:\/\/specializedagro.com.br\/?s={search_term_string}"},"query-input":"required name=search_term_string"}],"inLanguage":"pt-BR"}]}},"_links":{"self":[{"href":"https:\/\/specializedagro.com.br\/index.php\/wp-json\/wp\/v2\/pages\/770"}],"collection":[{"href":"https:\/\/specializedagro.com.br\/index.php\/wp-json\/wp\/v2\/pages"}],"about":[{"href":"https:\/\/specializedagro.com.br\/index.php\/wp-json\/wp\/v2\/types\/page"}],"author":[{"embeddable":true,"href":"https:\/\/specializedagro.com.br\/index.php\/wp-json\/wp\/v2\/users\/1"}],"replies":[{"embeddable":true,"href":"https:\/\/specializedagro.com.br\/index.php\/wp-json\/wp\/v2\/comments?post=770"}],"version-history":[{"count":12,"href":"https:\/\/specializedagro.com.br\/index.php\/wp-json\/wp\/v2\/pages\/770\/revisions"}],"predecessor-version":[{"id":1905,"href":"https:\/\/specializedagro.com.br\/index.php\/wp-json\/wp\/v2\/pages\/770\/revisions\/1905"}],"wp:attachment":[{"href":"https:\/\/specializedagro.com.br\/index.php\/wp-json\/wp\/v2\/media?parent=770"}],"curies":[{"name":"wp","href":"https:\/\/api.w.org\/{rel}","templated":true}]}}