{"id":782,"date":"2022-11-23T14:45:29","date_gmt":"2022-11-23T17:45:29","guid":{"rendered":"https:\/\/specializedagro.com.br\/?page_id=782"},"modified":"2022-12-06T09:50:55","modified_gmt":"2022-12-06T12:50:55","slug":"uso-de-cookies","status":"publish","type":"page","link":"https:\/\/specializedagro.com.br\/index.php\/uso-de-cookies\/","title":{"rendered":"USO DE COOKIES"},"content":{"rendered":"\t\t<div data-elementor-type=\"wp-page\" data-elementor-id=\"782\" class=\"elementor elementor-782\">\n\t\t\t\t\t\t\t\t\t<section class=\"elementor-section elementor-top-section elementor-element elementor-element-069561c elementor-section-boxed elementor-section-height-default elementor-section-height-default exad-glass-effect-no exad-sticky-section-no\" data-id=\"069561c\" data-element_type=\"section\" data-settings=\"{&quot;background_background&quot;:&quot;classic&quot;}\">\n\t\t\t\t\t\t<div class=\"elementor-container elementor-column-gap-default\">\n\t\t\t\t\t<div class=\"elementor-column elementor-col-25 elementor-top-column elementor-element elementor-element-cd1a74d exad-glass-effect-no exad-sticky-section-no\" data-id=\"cd1a74d\" data-element_type=\"column\">\n\t\t\t<div class=\"elementor-widget-wrap\">\n\t\t\t\t\t\t\t\t\t<\/div>\n\t\t<\/div>\n\t\t\t\t<div class=\"elementor-column elementor-col-50 elementor-top-column elementor-element elementor-element-135b024 exad-glass-effect-no exad-sticky-section-no\" data-id=\"135b024\" data-element_type=\"column\">\n\t\t\t<div class=\"elementor-widget-wrap elementor-element-populated\">\n\t\t\t\t\t\t\t\t<div class=\"elementor-element elementor-element-e69b21b exad-sticky-section-no exad-glass-effect-no elementor-widget elementor-widget-heading\" data-id=\"e69b21b\" data-element_type=\"widget\" data-widget_type=\"heading.default\">\n\t\t\t\t<div class=\"elementor-widget-container\">\n\t\t\t<style>\/*! elementor - v3.9.0 - 06-12-2022 *\/\n.elementor-heading-title{padding:0;margin:0;line-height:1}.elementor-widget-heading .elementor-heading-title[class*=elementor-size-]>a{color:inherit;font-size:inherit;line-height:inherit}.elementor-widget-heading .elementor-heading-title.elementor-size-small{font-size:15px}.elementor-widget-heading .elementor-heading-title.elementor-size-medium{font-size:19px}.elementor-widget-heading .elementor-heading-title.elementor-size-large{font-size:29px}.elementor-widget-heading .elementor-heading-title.elementor-size-xl{font-size:39px}.elementor-widget-heading .elementor-heading-title.elementor-size-xxl{font-size:59px}<\/style><h2 class=\"elementor-heading-title elementor-size-default\">Uso de Cookies\n<\/h2>\t\t<\/div>\n\t\t\t\t<\/div>\n\t\t\t\t<div class=\"elementor-element elementor-element-54b798f exad-sticky-section-no exad-glass-effect-no elementor-widget elementor-widget-text-editor\" data-id=\"54b798f\" data-element_type=\"widget\" data-widget_type=\"text-editor.default\">\n\t\t\t\t<div class=\"elementor-widget-container\">\n\t\t\t<style>\/*! elementor - v3.9.0 - 06-12-2022 *\/\n.elementor-widget-text-editor.elementor-drop-cap-view-stacked .elementor-drop-cap{background-color:#818a91;color:#fff}.elementor-widget-text-editor.elementor-drop-cap-view-framed .elementor-drop-cap{color:#818a91;border:3px solid;background-color:transparent}.elementor-widget-text-editor:not(.elementor-drop-cap-view-default) .elementor-drop-cap{margin-top:8px}.elementor-widget-text-editor:not(.elementor-drop-cap-view-default) .elementor-drop-cap-letter{width:1em;height:1em}.elementor-widget-text-editor .elementor-drop-cap{float:left;text-align:center;line-height:1;font-size:50px}.elementor-widget-text-editor .elementor-drop-cap-letter{display:inline-block}<\/style>\t\t\t\t<p><strong>Sobre uso de cookies<\/strong><\/p><p><strong>O que s\u00e3o esses cookies?<\/strong><\/p><p>Tratam-se de arquivos criados pelos websites que armazenam h\u00e1bitos de navega\u00e7\u00e3o e<br \/>outras informa\u00e7\u00f5es, ajudando a personalizar seu acesso.<\/p><p>Exemplo: voc\u00ea acessa o site e visualiza um banner popup com um aviso importante e<br \/>clica no bot\u00e3o \u201cN\u00e3o tenho interesse\u201d, ao fechar aquele banner o site armazena que voc\u00ea<br \/>j\u00e1 visualizou e da pr\u00f3xima vez que entrar no site voc\u00ea n\u00e3o \u00e9 mais incomodado com aquele aviso.<\/p><p><strong>E n\u00e3o \u00e9 perigoso ter minhas informa\u00e7\u00f5es armazenadas?<\/strong><\/p><p>N\u00e3o \u00e9 perigoso. Todas as suas informa\u00e7\u00f5es coletadas em nosso site servem apenas para melhorar a sua experi\u00eancia e s\u00e3o protegidas por nosso sistema de seguran\u00e7a.<br \/>N\u00e3o gosto de cookies, como fa\u00e7o para desativ\u00e1-los?<br \/>\u00c9 poss\u00edvel desativar os cookies por meio das prefer\u00eancias do seu navegador. Sem eles sua navega\u00e7\u00e3o pode se tornar limitada e algumas funcionalidades dos sites podem ficar comprometidas.<\/p><p>Veja as defini\u00e7\u00f5es sobre cookies em cada um dos navegadores: Internet Explorer \/<br \/>Firefox \/ Google Chrome \/ Safari \/ Opera<\/p><p><strong>Lei Geral de Prote\u00e7\u00e3o de Dados Pessoais (LGPD)<\/strong><\/p><p><strong>Lei 13.709 de 14.08.2018<\/strong><\/p><p><strong>O que \u00e9 a Lei Geral de Prote\u00e7\u00e3o de Dados?<\/strong><\/p><p>\u00c9 uma lei que estabelece regras ao uso de dados pessoais de pessoas f\u00edsicas por entidades p\u00fablicas e privadas.<\/p><p>A LGPD \u00e9 uma norma que garante direitos aos titulares dos dados e estabelece uma regra m\u00ednima para coleta, armazenamento, tratamento e compartilhamento de dados pessoais de pessoas f\u00edsicas.<\/p><p>As regras estabelecidas pela LGPD devem ser observadas por todos os setores do<br \/>mercado: bancos, hospitais, com\u00e9rcios, empresas de e-commerce e tamb\u00e9m o setor<br \/>p\u00fablico.<\/p>\t\t\t\t\t\t<\/div>\n\t\t\t\t<\/div>\n\t\t\t\t\t<\/div>\n\t\t<\/div>\n\t\t\t\t<div class=\"elementor-column elementor-col-25 elementor-top-column elementor-element elementor-element-bb8c60c exad-glass-effect-no exad-sticky-section-no\" data-id=\"bb8c60c\" data-element_type=\"column\">\n\t\t\t<div class=\"elementor-widget-wrap\">\n\t\t\t\t\t\t\t\t\t<\/div>\n\t\t<\/div>\n\t\t\t\t\t\t\t<\/div>\n\t\t<\/section>\n\t\t\t\t\t\t\t<\/div>\n\t\t","protected":false},"excerpt":{"rendered":"<p>Uso de Cookies Sobre uso de cookies O que s\u00e3o esses cookies? Tratam-se de arquivos criados pelos websites que armazenam h\u00e1bitos de [&hellip;]<\/p>\n","protected":false},"author":1,"featured_media":0,"parent":0,"menu_order":0,"comment_status":"closed","ping_status":"closed","template":"page-templates\/page_front-page.php","meta":[],"yoast_head":"<!-- This site is optimized with the Yoast SEO plugin v19.12 - https:\/\/yoast.com\/wordpress\/plugins\/seo\/ -->\n<title>USO DE COOKIES - specializedagro.com.br<\/title>\n<meta name=\"robots\" content=\"index, follow, max-snippet:-1, max-image-preview:large, max-video-preview:-1\" \/>\n<link rel=\"canonical\" href=\"https:\/\/specializedagro.com.br\/index.php\/uso-de-cookies\/\" \/>\n<meta property=\"og:locale\" content=\"pt_BR\" \/>\n<meta property=\"og:type\" content=\"article\" \/>\n<meta property=\"og:title\" content=\"USO DE COOKIES - specializedagro.com.br\" \/>\n<meta property=\"og:description\" content=\"Uso de Cookies Sobre uso de cookies O que s\u00e3o esses cookies? Tratam-se de arquivos criados pelos websites que armazenam h\u00e1bitos de [&hellip;]\" \/>\n<meta property=\"og:url\" content=\"https:\/\/specializedagro.com.br\/index.php\/uso-de-cookies\/\" \/>\n<meta property=\"og:site_name\" content=\"specializedagro.com.br\" \/>\n<meta property=\"article:modified_time\" content=\"2022-12-06T12:50:55+00:00\" \/>\n<meta name=\"twitter:card\" content=\"summary_large_image\" \/>\n<meta name=\"twitter:label1\" content=\"Est. tempo de leitura\" \/>\n\t<meta name=\"twitter:data1\" content=\"2 minutos\" \/>\n<script type=\"application\/ld+json\" class=\"yoast-schema-graph\">{\"@context\":\"https:\/\/schema.org\",\"@graph\":[{\"@type\":\"WebPage\",\"@id\":\"https:\/\/specializedagro.com.br\/index.php\/uso-de-cookies\/\",\"url\":\"https:\/\/specializedagro.com.br\/index.php\/uso-de-cookies\/\",\"name\":\"USO DE COOKIES - specializedagro.com.br\",\"isPartOf\":{\"@id\":\"https:\/\/specializedagro.com.br\/#website\"},\"datePublished\":\"2022-11-23T17:45:29+00:00\",\"dateModified\":\"2022-12-06T12:50:55+00:00\",\"breadcrumb\":{\"@id\":\"https:\/\/specializedagro.com.br\/index.php\/uso-de-cookies\/#breadcrumb\"},\"inLanguage\":\"pt-BR\",\"potentialAction\":[{\"@type\":\"ReadAction\",\"target\":[\"https:\/\/specializedagro.com.br\/index.php\/uso-de-cookies\/\"]}]},{\"@type\":\"BreadcrumbList\",\"@id\":\"https:\/\/specializedagro.com.br\/index.php\/uso-de-cookies\/#breadcrumb\",\"itemListElement\":[{\"@type\":\"ListItem\",\"position\":1,\"name\":\"In\u00edcio\",\"item\":\"https:\/\/specializedagro.com.br\/\"},{\"@type\":\"ListItem\",\"position\":2,\"name\":\"USO DE COOKIES\"}]},{\"@type\":\"WebSite\",\"@id\":\"https:\/\/specializedagro.com.br\/#website\",\"url\":\"https:\/\/specializedagro.com.br\/\",\"name\":\"specializedagro.com.br\",\"description\":\"\",\"potentialAction\":[{\"@type\":\"SearchAction\",\"target\":{\"@type\":\"EntryPoint\",\"urlTemplate\":\"https:\/\/specializedagro.com.br\/?s={search_term_string}\"},\"query-input\":\"required name=search_term_string\"}],\"inLanguage\":\"pt-BR\"}]}<\/script>\n<!-- \/ Yoast SEO plugin. -->","yoast_head_json":{"title":"USO DE COOKIES - specializedagro.com.br","robots":{"index":"index","follow":"follow","max-snippet":"max-snippet:-1","max-image-preview":"max-image-preview:large","max-video-preview":"max-video-preview:-1"},"canonical":"https:\/\/specializedagro.com.br\/index.php\/uso-de-cookies\/","og_locale":"pt_BR","og_type":"article","og_title":"USO DE COOKIES - specializedagro.com.br","og_description":"Uso de Cookies Sobre uso de cookies O que s\u00e3o esses cookies? Tratam-se de arquivos criados pelos websites que armazenam h\u00e1bitos de [&hellip;]","og_url":"https:\/\/specializedagro.com.br\/index.php\/uso-de-cookies\/","og_site_name":"specializedagro.com.br","article_modified_time":"2022-12-06T12:50:55+00:00","twitter_card":"summary_large_image","twitter_misc":{"Est. tempo de leitura":"2 minutos"},"schema":{"@context":"https:\/\/schema.org","@graph":[{"@type":"WebPage","@id":"https:\/\/specializedagro.com.br\/index.php\/uso-de-cookies\/","url":"https:\/\/specializedagro.com.br\/index.php\/uso-de-cookies\/","name":"USO DE COOKIES - specializedagro.com.br","isPartOf":{"@id":"https:\/\/specializedagro.com.br\/#website"},"datePublished":"2022-11-23T17:45:29+00:00","dateModified":"2022-12-06T12:50:55+00:00","breadcrumb":{"@id":"https:\/\/specializedagro.com.br\/index.php\/uso-de-cookies\/#breadcrumb"},"inLanguage":"pt-BR","potentialAction":[{"@type":"ReadAction","target":["https:\/\/specializedagro.com.br\/index.php\/uso-de-cookies\/"]}]},{"@type":"BreadcrumbList","@id":"https:\/\/specializedagro.com.br\/index.php\/uso-de-cookies\/#breadcrumb","itemListElement":[{"@type":"ListItem","position":1,"name":"In\u00edcio","item":"https:\/\/specializedagro.com.br\/"},{"@type":"ListItem","position":2,"name":"USO DE COOKIES"}]},{"@type":"WebSite","@id":"https:\/\/specializedagro.com.br\/#website","url":"https:\/\/specializedagro.com.br\/","name":"specializedagro.com.br","description":"","potentialAction":[{"@type":"SearchAction","target":{"@type":"EntryPoint","urlTemplate":"https:\/\/specializedagro.com.br\/?s={search_term_string}"},"query-input":"required name=search_term_string"}],"inLanguage":"pt-BR"}]}},"_links":{"self":[{"href":"https:\/\/specializedagro.com.br\/index.php\/wp-json\/wp\/v2\/pages\/782"}],"collection":[{"href":"https:\/\/specializedagro.com.br\/index.php\/wp-json\/wp\/v2\/pages"}],"about":[{"href":"https:\/\/specializedagro.com.br\/index.php\/wp-json\/wp\/v2\/types\/page"}],"author":[{"embeddable":true,"href":"https:\/\/specializedagro.com.br\/index.php\/wp-json\/wp\/v2\/users\/1"}],"replies":[{"embeddable":true,"href":"https:\/\/specializedagro.com.br\/index.php\/wp-json\/wp\/v2\/comments?post=782"}],"version-history":[{"count":10,"href":"https:\/\/specializedagro.com.br\/index.php\/wp-json\/wp\/v2\/pages\/782\/revisions"}],"predecessor-version":[{"id":1908,"href":"https:\/\/specializedagro.com.br\/index.php\/wp-json\/wp\/v2\/pages\/782\/revisions\/1908"}],"wp:attachment":[{"href":"https:\/\/specializedagro.com.br\/index.php\/wp-json\/wp\/v2\/media?parent=782"}],"curies":[{"name":"wp","href":"https:\/\/api.w.org\/{rel}","templated":true}]}}