{"id":790,"date":"2022-11-23T14:48:29","date_gmt":"2022-11-23T17:48:29","guid":{"rendered":"https:\/\/specializedagro.com.br\/?page_id=790"},"modified":"2022-12-06T09:50:22","modified_gmt":"2022-12-06T12:50:22","slug":"politica-de-privacidade","status":"publish","type":"page","link":"https:\/\/specializedagro.com.br\/index.php\/politica-de-privacidade\/","title":{"rendered":"POL\u00cdTICA DE PRIVACIDADE"},"content":{"rendered":"\t\t<div data-elementor-type=\"wp-page\" data-elementor-id=\"790\" class=\"elementor elementor-790\">\n\t\t\t\t\t\t\t\t\t<section class=\"elementor-section elementor-top-section elementor-element elementor-element-10309a4 elementor-section-boxed elementor-section-height-default elementor-section-height-default exad-glass-effect-no exad-sticky-section-no\" data-id=\"10309a4\" data-element_type=\"section\" data-settings=\"{&quot;background_background&quot;:&quot;classic&quot;}\">\n\t\t\t\t\t\t<div class=\"elementor-container elementor-column-gap-default\">\n\t\t\t\t\t<div class=\"elementor-column elementor-col-25 elementor-top-column elementor-element elementor-element-fd1892b exad-glass-effect-no exad-sticky-section-no\" data-id=\"fd1892b\" data-element_type=\"column\">\n\t\t\t<div class=\"elementor-widget-wrap\">\n\t\t\t\t\t\t\t\t\t<\/div>\n\t\t<\/div>\n\t\t\t\t<div class=\"elementor-column elementor-col-50 elementor-top-column elementor-element elementor-element-7e2f734 exad-glass-effect-no exad-sticky-section-no\" data-id=\"7e2f734\" data-element_type=\"column\">\n\t\t\t<div class=\"elementor-widget-wrap elementor-element-populated\">\n\t\t\t\t\t\t\t\t<div class=\"elementor-element elementor-element-61096d4 exad-sticky-section-no exad-glass-effect-no elementor-widget elementor-widget-heading\" data-id=\"61096d4\" data-element_type=\"widget\" data-widget_type=\"heading.default\">\n\t\t\t\t<div class=\"elementor-widget-container\">\n\t\t\t<style>\/*! elementor - v3.9.0 - 06-12-2022 *\/\n.elementor-heading-title{padding:0;margin:0;line-height:1}.elementor-widget-heading .elementor-heading-title[class*=elementor-size-]>a{color:inherit;font-size:inherit;line-height:inherit}.elementor-widget-heading .elementor-heading-title.elementor-size-small{font-size:15px}.elementor-widget-heading .elementor-heading-title.elementor-size-medium{font-size:19px}.elementor-widget-heading .elementor-heading-title.elementor-size-large{font-size:29px}.elementor-widget-heading .elementor-heading-title.elementor-size-xl{font-size:39px}.elementor-widget-heading .elementor-heading-title.elementor-size-xxl{font-size:59px}<\/style><h2 class=\"elementor-heading-title elementor-size-default\">Pol\u00edtica de Privacidade<\/h2>\t\t<\/div>\n\t\t\t\t<\/div>\n\t\t\t\t<div class=\"elementor-element elementor-element-c7f5ac9 exad-sticky-section-no exad-glass-effect-no elementor-widget elementor-widget-text-editor\" data-id=\"c7f5ac9\" data-element_type=\"widget\" data-widget_type=\"text-editor.default\">\n\t\t\t\t<div class=\"elementor-widget-container\">\n\t\t\t<style>\/*! elementor - v3.9.0 - 06-12-2022 *\/\n.elementor-widget-text-editor.elementor-drop-cap-view-stacked .elementor-drop-cap{background-color:#818a91;color:#fff}.elementor-widget-text-editor.elementor-drop-cap-view-framed .elementor-drop-cap{color:#818a91;border:3px solid;background-color:transparent}.elementor-widget-text-editor:not(.elementor-drop-cap-view-default) .elementor-drop-cap{margin-top:8px}.elementor-widget-text-editor:not(.elementor-drop-cap-view-default) .elementor-drop-cap-letter{width:1em;height:1em}.elementor-widget-text-editor .elementor-drop-cap{float:left;text-align:center;line-height:1;font-size:50px}.elementor-widget-text-editor .elementor-drop-cap-letter{display:inline-block}<\/style>\t\t\t\t<p><strong>Tratamento de Informa\u00e7\u00f5es<\/strong><\/p><p>A sua privacidade e o sigilo de suas informa\u00e7\u00f5es s\u00e3o muito importantes. Tomamos os<br \/>cuidados necess\u00e1rios para garantir a prote\u00e7\u00e3o de seus dados pessoais, o sigilo e o uso<br \/>adequado dos seus dados pessoais.<\/p><p>A Specialized Agro se compromete a cumprir as normas previstas na LGPD e a realizar o tratamento de dados pessoais em conformidade com os seguintes princ\u00edpios:<\/p><p>a) apenas para as finalidades determinadas nessa pol\u00edtica, valendo-se da quantidade<br \/>adequada de dados, pertinentes e limitados \u00e0 necessidade e objetivo do tratamento;<br \/>b) de forma transparente, sendo garantido ao titular dos dados o livre acesso, a<br \/>exatid\u00e3o dos dados e a sua consulta facilitada;<br \/>c) de forma segura, por meio da ado\u00e7\u00e3o de medidas t\u00e9cnicas aptas a proteger os dados<br \/>pessoais, prevenir e mitigar danos decorrentes de eventual acesso n\u00e3o autorizado, ou de situa\u00e7\u00e3o acidental ou il\u00edcita de viola\u00e7\u00e3o de dados.<\/p><p>A Specialized Agro realizar\u00e1 a gest\u00e3o de dados pessoais durante o ciclo de vida destas informa\u00e7\u00f5es; e em hip\u00f3tese alguma haver\u00e1 tratamento de dados para fins discriminat\u00f3rios il\u00edcitos ou abusivos.<\/p><p><strong>Os dados cadastrados neste portal s\u00e3o criptografados.<\/strong><\/p><p>O envio de mensagens ao correio eletr\u00f4nico do usu\u00e1rio s\u00f3 ser\u00e1 feito mediante aceita\u00e7\u00e3o do internauta ao disponibilizar seu endere\u00e7o de e-mail, que poder\u00e1, a qualquer momento, requerer o cancelamento do envio de informa\u00e7\u00f5es;<br \/>O portal faz uso de cookies (informa\u00e7\u00f5es enviadas pelo servidor de hospedagem do portal ao computador do usu\u00e1rio, para identific\u00e1-lo) para processar consultas em determinadas bases de dados e realizar opera\u00e7\u00f5es que requeiram o controle de envio de dados pelo usu\u00e1rio;<br \/>Podemos, a qualquer momento e sem aviso pr\u00e9vio aos usu\u00e1rios, alterar ou extinguir<br \/>qualquer conte\u00fado desse portal, bem como mudar sua concep\u00e7\u00e3o visual e estrutura de conte\u00fado.<\/p><p><strong>Acesso a Conte\u00fado Restrito e Suspens\u00e3o de Acesso<\/strong><\/p><p>Alguns Servi\u00e7os est\u00e3o dispon\u00edveis em conte\u00fado aberto e fechado.<br \/>A utiliza\u00e7\u00e3o dos Sites podem estar condicionadas \u00e0 utiliza\u00e7\u00e3o atrav\u00e9s de acesso por login e senha.<br \/>Quando o acesso a conte\u00fado for restrito, ser\u00e1 necess\u00e1rio pr\u00e9vio cadastro do usu\u00e1rio e o<br \/>acesso ao ambiente por meio de login e senha. Considerando que voc\u00ea \u00e9 respons\u00e1vel pela veracidade das informa\u00e7\u00f5es cadastradas, informamos que o cadastro de informa\u00e7\u00f5es falsas pode gerar inconsist\u00eancia na presta\u00e7\u00e3o dos servi\u00e7os, bem como impactar ou interromper o seu acesso.<br \/>A qualquer tempo, sem aviso pr\u00e9vio, a Specialized Agro poder\u00e1 suspender, cancelar ou interromper o acesso aos Servi\u00e7os, respeitadas as condi\u00e7\u00f5es da legisla\u00e7\u00e3o aplic\u00e1vel.<\/p><p>A Specialized Agro n\u00e3o se responsabiliza por eventuais danos e\/ou problemas decorrentes da demora, interrup\u00e7\u00e3o ou bloqueio nas transmiss\u00f5es de dados decorrentes da conex\u00e3o de internet do usu\u00e1rio.<\/p><p><strong>Relacionamento com Terceiros<\/strong><\/p><p>Esse portal cont\u00e9m links que levam a sites de terceiros, cujos conte\u00fados n\u00e3o s\u00e3o de nossa responsabilidade e sobre os quais n\u00e3o incide essa pol\u00edtica de privacidade.<\/p><p><strong>Conte\u00fados publicados na forma de not\u00edcia<\/strong><\/p><p>Os conte\u00fados publicados na \u00e1rea de not\u00edcias do portal, nos formatos de textos, fotos,<br \/>v\u00eddeos ou \u00e1udios, t\u00eam car\u00e1ter institucional ou avisos aos usu\u00e1rios;<br \/>Disponibiliza esses conte\u00fados como de uso p\u00fablico, permitindo sua reprodu\u00e7\u00e3o em parte ou na \u00edntegra, por\u00e9m \u00e9 vedada a reprodu\u00e7\u00e3o dos mesmos de forma alterada, que<br \/>prejudiquem ou mudem a sua interpreta\u00e7\u00e3o com objetivos inversos \u00e0 informa\u00e7\u00e3o original.<br \/>Fica vedada, tamb\u00e9m, a reprodu\u00e7\u00e3o dos mesmos para fins comerciais.<\/p><p><strong>Responsabilidade dos Usu\u00e1rios<\/strong><\/p><p>Vedado ao usu\u00e1rio transmitir ou difundir amea\u00e7as, pornografia infantil e conte\u00fado que<br \/>induzam \u00e0 viol\u00eancia ou a qualquer tipo de discrimina\u00e7\u00e3o, seja ela sexual, racial, \u00e9tnica,<br \/>religiosa, pol\u00edtica, et\u00e1ria, social;<br \/>Vedado ao usu\u00e1rio promover atos que contenham cal\u00fania, inj\u00faria e difama\u00e7\u00e3o;<br \/>Vedado ao usu\u00e1rio transmitir tipos ou quantidades de dados que causem falhas em<br \/>servi\u00e7os ou equipamentos do portal e\/ou de terceiros;<br \/>No caso de servi\u00e7os que requeiram registro, o usu\u00e1rio se compromete em transmitir<br \/>informa\u00e7\u00f5es pessoais verdadeiras e completas;<br \/>Vedado ao usu\u00e1rio utilizar a rede para tentar e\/ou realizar acesso n\u00e3o autorizado a<br \/>dispositivos de comunica\u00e7\u00e3o, informa\u00e7\u00e3o ou computa\u00e7\u00e3o;<br \/>Vedado ao usu\u00e1rio distribuir, via correio eletr\u00f4nico, grupos de discuss\u00e3o ou quaisquer<br \/>outros canais interativos de participa\u00e7\u00e3o, mensagens n\u00e3o solicitadas do tipo \u201ccorrente\u201d e mensagens em massa, comerciais ou n\u00e3o.<\/p><p>O usu\u00e1rio se responsabiliza pela precis\u00e3o e veracidade dos dados informados e reconhece que a inconsist\u00eancia destes poder\u00e1 implicar a impossibilidade de acessar o Site e\/ou Aplicativo, al\u00e9m das san\u00e7\u00f5es administrativas, civis, e penais previstas na legisla\u00e7\u00e3o brasileira, em especial na tribut\u00e1ria e administrativa.<\/p><p>O usu\u00e1rio assume inteira responsabilidade pela guarda, sigilo e boa utiliza\u00e7\u00e3o do Login e Chave de Acesso \u201csenha\u201d cadastrados.<br \/>O Login e Chave de Acesso, em qualquer modalidade de autentica\u00e7\u00e3o, s\u00f3 poder\u00e3o ser<br \/>utilizados pelo usu\u00e1rio cadastrado, sendo expressamente proibido o compartilhamento de Login e\/ou Chave de Acesso com quaisquer terceiros.<br \/>Mesmo que o usu\u00e1rio exclua ou cancele seu cadastro no Site e\/ou Aplicativo, fica<br \/>ressalvada a guarda pela Specialized Agro e pelos entes conveniados das informa\u00e7\u00f5es e\/ou dados cuja manuten\u00e7\u00e3o seja a eles imposta em raz\u00e3o de obriga\u00e7\u00f5es normativas ou, ainda, cuja a manuten\u00e7\u00e3o seja necess\u00e1ria para cumprimento de ordem judicial, no \u00e2mbito de processos judiciais e\/ou administrativos e questionamento de terceiros decorrentes das atividades desempenhadas pelo usu\u00e1rio no site e\/ou aplicativo.<\/p>\t\t\t\t\t\t<\/div>\n\t\t\t\t<\/div>\n\t\t\t\t\t<\/div>\n\t\t<\/div>\n\t\t\t\t<div class=\"elementor-column elementor-col-25 elementor-top-column elementor-element elementor-element-9e318e1 exad-glass-effect-no exad-sticky-section-no\" data-id=\"9e318e1\" data-element_type=\"column\">\n\t\t\t<div class=\"elementor-widget-wrap\">\n\t\t\t\t\t\t\t\t\t<\/div>\n\t\t<\/div>\n\t\t\t\t\t\t\t<\/div>\n\t\t<\/section>\n\t\t\t\t\t\t\t<\/div>\n\t\t","protected":false},"excerpt":{"rendered":"<p>Pol\u00edtica de Privacidade Tratamento de Informa\u00e7\u00f5es A sua privacidade e o sigilo de suas informa\u00e7\u00f5es s\u00e3o muito importantes. Tomamos oscuidados necess\u00e1rios para [&hellip;]<\/p>\n","protected":false},"author":1,"featured_media":0,"parent":0,"menu_order":0,"comment_status":"closed","ping_status":"closed","template":"page-templates\/page_front-page.php","meta":[],"yoast_head":"<!-- This site is optimized with the Yoast SEO plugin v19.12 - https:\/\/yoast.com\/wordpress\/plugins\/seo\/ -->\n<title>POL\u00cdTICA DE PRIVACIDADE - specializedagro.com.br<\/title>\n<meta name=\"robots\" content=\"index, follow, max-snippet:-1, max-image-preview:large, max-video-preview:-1\" \/>\n<link rel=\"canonical\" href=\"https:\/\/specializedagro.com.br\/index.php\/politica-de-privacidade\/\" \/>\n<meta property=\"og:locale\" content=\"pt_BR\" \/>\n<meta property=\"og:type\" content=\"article\" \/>\n<meta property=\"og:title\" content=\"POL\u00cdTICA DE PRIVACIDADE - specializedagro.com.br\" \/>\n<meta property=\"og:description\" content=\"Pol\u00edtica de Privacidade Tratamento de Informa\u00e7\u00f5es A sua privacidade e o sigilo de suas informa\u00e7\u00f5es s\u00e3o muito importantes. Tomamos oscuidados necess\u00e1rios para [&hellip;]\" \/>\n<meta property=\"og:url\" content=\"https:\/\/specializedagro.com.br\/index.php\/politica-de-privacidade\/\" \/>\n<meta property=\"og:site_name\" content=\"specializedagro.com.br\" \/>\n<meta property=\"article:modified_time\" content=\"2022-12-06T12:50:22+00:00\" \/>\n<meta name=\"twitter:card\" content=\"summary_large_image\" \/>\n<meta name=\"twitter:label1\" content=\"Est. tempo de leitura\" \/>\n\t<meta name=\"twitter:data1\" content=\"5 minutos\" \/>\n<script type=\"application\/ld+json\" class=\"yoast-schema-graph\">{\"@context\":\"https:\/\/schema.org\",\"@graph\":[{\"@type\":\"WebPage\",\"@id\":\"https:\/\/specializedagro.com.br\/index.php\/politica-de-privacidade\/\",\"url\":\"https:\/\/specializedagro.com.br\/index.php\/politica-de-privacidade\/\",\"name\":\"POL\u00cdTICA DE PRIVACIDADE - specializedagro.com.br\",\"isPartOf\":{\"@id\":\"https:\/\/specializedagro.com.br\/#website\"},\"datePublished\":\"2022-11-23T17:48:29+00:00\",\"dateModified\":\"2022-12-06T12:50:22+00:00\",\"breadcrumb\":{\"@id\":\"https:\/\/specializedagro.com.br\/index.php\/politica-de-privacidade\/#breadcrumb\"},\"inLanguage\":\"pt-BR\",\"potentialAction\":[{\"@type\":\"ReadAction\",\"target\":[\"https:\/\/specializedagro.com.br\/index.php\/politica-de-privacidade\/\"]}]},{\"@type\":\"BreadcrumbList\",\"@id\":\"https:\/\/specializedagro.com.br\/index.php\/politica-de-privacidade\/#breadcrumb\",\"itemListElement\":[{\"@type\":\"ListItem\",\"position\":1,\"name\":\"In\u00edcio\",\"item\":\"https:\/\/specializedagro.com.br\/\"},{\"@type\":\"ListItem\",\"position\":2,\"name\":\"POL\u00cdTICA DE PRIVACIDADE\"}]},{\"@type\":\"WebSite\",\"@id\":\"https:\/\/specializedagro.com.br\/#website\",\"url\":\"https:\/\/specializedagro.com.br\/\",\"name\":\"specializedagro.com.br\",\"description\":\"\",\"potentialAction\":[{\"@type\":\"SearchAction\",\"target\":{\"@type\":\"EntryPoint\",\"urlTemplate\":\"https:\/\/specializedagro.com.br\/?s={search_term_string}\"},\"query-input\":\"required name=search_term_string\"}],\"inLanguage\":\"pt-BR\"}]}<\/script>\n<!-- \/ Yoast SEO plugin. -->","yoast_head_json":{"title":"POL\u00cdTICA DE PRIVACIDADE - specializedagro.com.br","robots":{"index":"index","follow":"follow","max-snippet":"max-snippet:-1","max-image-preview":"max-image-preview:large","max-video-preview":"max-video-preview:-1"},"canonical":"https:\/\/specializedagro.com.br\/index.php\/politica-de-privacidade\/","og_locale":"pt_BR","og_type":"article","og_title":"POL\u00cdTICA DE PRIVACIDADE - specializedagro.com.br","og_description":"Pol\u00edtica de Privacidade Tratamento de Informa\u00e7\u00f5es A sua privacidade e o sigilo de suas informa\u00e7\u00f5es s\u00e3o muito importantes. Tomamos oscuidados necess\u00e1rios para [&hellip;]","og_url":"https:\/\/specializedagro.com.br\/index.php\/politica-de-privacidade\/","og_site_name":"specializedagro.com.br","article_modified_time":"2022-12-06T12:50:22+00:00","twitter_card":"summary_large_image","twitter_misc":{"Est. tempo de leitura":"5 minutos"},"schema":{"@context":"https:\/\/schema.org","@graph":[{"@type":"WebPage","@id":"https:\/\/specializedagro.com.br\/index.php\/politica-de-privacidade\/","url":"https:\/\/specializedagro.com.br\/index.php\/politica-de-privacidade\/","name":"POL\u00cdTICA DE PRIVACIDADE - specializedagro.com.br","isPartOf":{"@id":"https:\/\/specializedagro.com.br\/#website"},"datePublished":"2022-11-23T17:48:29+00:00","dateModified":"2022-12-06T12:50:22+00:00","breadcrumb":{"@id":"https:\/\/specializedagro.com.br\/index.php\/politica-de-privacidade\/#breadcrumb"},"inLanguage":"pt-BR","potentialAction":[{"@type":"ReadAction","target":["https:\/\/specializedagro.com.br\/index.php\/politica-de-privacidade\/"]}]},{"@type":"BreadcrumbList","@id":"https:\/\/specializedagro.com.br\/index.php\/politica-de-privacidade\/#breadcrumb","itemListElement":[{"@type":"ListItem","position":1,"name":"In\u00edcio","item":"https:\/\/specializedagro.com.br\/"},{"@type":"ListItem","position":2,"name":"POL\u00cdTICA DE PRIVACIDADE"}]},{"@type":"WebSite","@id":"https:\/\/specializedagro.com.br\/#website","url":"https:\/\/specializedagro.com.br\/","name":"specializedagro.com.br","description":"","potentialAction":[{"@type":"SearchAction","target":{"@type":"EntryPoint","urlTemplate":"https:\/\/specializedagro.com.br\/?s={search_term_string}"},"query-input":"required name=search_term_string"}],"inLanguage":"pt-BR"}]}},"_links":{"self":[{"href":"https:\/\/specializedagro.com.br\/index.php\/wp-json\/wp\/v2\/pages\/790"}],"collection":[{"href":"https:\/\/specializedagro.com.br\/index.php\/wp-json\/wp\/v2\/pages"}],"about":[{"href":"https:\/\/specializedagro.com.br\/index.php\/wp-json\/wp\/v2\/types\/page"}],"author":[{"embeddable":true,"href":"https:\/\/specializedagro.com.br\/index.php\/wp-json\/wp\/v2\/users\/1"}],"replies":[{"embeddable":true,"href":"https:\/\/specializedagro.com.br\/index.php\/wp-json\/wp\/v2\/comments?post=790"}],"version-history":[{"count":16,"href":"https:\/\/specializedagro.com.br\/index.php\/wp-json\/wp\/v2\/pages\/790\/revisions"}],"predecessor-version":[{"id":1902,"href":"https:\/\/specializedagro.com.br\/index.php\/wp-json\/wp\/v2\/pages\/790\/revisions\/1902"}],"wp:attachment":[{"href":"https:\/\/specializedagro.com.br\/index.php\/wp-json\/wp\/v2\/media?parent=790"}],"curies":[{"name":"wp","href":"https:\/\/api.w.org\/{rel}","templated":true}]}}